{"id":298,"date":"2023-04-15T14:50:00","date_gmt":"2023-04-15T12:50:00","guid":{"rendered":"https:\/\/www.keb-berlin.de\/?page_id=298"},"modified":"2023-07-11T11:26:28","modified_gmt":"2023-07-11T09:26:28","slug":"meine-beitraege","status":"publish","type":"page","link":"https:\/\/www.keb-berlin.de\/?page_id=298","title":{"rendered":"Meine Beitr\u00e4ge &#8211; rund ums Rad"},"content":{"rendered":"<div class=\"wp-block-themeisle-blocks-posts-grid\" id=\"wp-block-themeisle-blocks-posts-grid-1d268a79\"><div class=\"is-list o-crop-img\"><div class=\"o-posts-grid-post-blog o-posts-grid-post-plain\"><div class=\"o-posts-grid-post\"><div class=\"o-posts-grid-post-image\"><a href=\"https:\/\/www.keb-berlin.de\/?p=2033\"><img loading=\"lazy\" decoding=\"async\" width=\"150\" height=\"150\" src=\"https:\/\/www.keb-berlin.de\/wp-content\/uploads\/2023\/12\/IMG_2165-150x150.jpeg\" class=\"attachment-thumbnail size-thumbnail\" alt=\"\" srcset=\"https:\/\/www.keb-berlin.de\/wp-content\/uploads\/2023\/12\/IMG_2165-150x150.jpeg 150w, https:\/\/www.keb-berlin.de\/wp-content\/uploads\/2023\/12\/IMG_2165-45x45.jpeg 45w\" sizes=\"auto, (max-width: 150px) 100vw, 150px\" \/><\/a><\/div><div class=\"o-posts-grid-post-body\"><h5 class=\"o-posts-grid-post-title\"><a href=\"https:\/\/www.keb-berlin.de\/?p=2033\">Get\u00f6teter Radfahrer in Heiligensee<\/a><\/h5><div class=\"o-posts-grid-post-description\"><p>Meine Gedanken zum get\u00f6teten Radfahrer in Heiligensee &#8211; Vision Zero-Demo am 2. Dezember 2023.<\/p><a class=\"o-posts-read-more\" href=\"https:\/\/www.keb-berlin.de\/?p=2033\">Read More<\/a><\/div><\/div><\/div><\/div><div class=\"o-posts-grid-post-blog o-posts-grid-post-plain\"><div class=\"o-posts-grid-post\"><div class=\"o-posts-grid-post-image\"><a href=\"https:\/\/www.keb-berlin.de\/?p=1909\"><img loading=\"lazy\" decoding=\"async\" width=\"150\" height=\"150\" src=\"https:\/\/www.keb-berlin.de\/wp-content\/uploads\/2023\/07\/RoS-Artikelbild-150x150.jpeg\" class=\"attachment-thumbnail size-thumbnail\" alt=\"\" srcset=\"https:\/\/www.keb-berlin.de\/wp-content\/uploads\/2023\/07\/RoS-Artikelbild-150x150.jpeg 150w, https:\/\/www.keb-berlin.de\/wp-content\/uploads\/2023\/07\/RoS-Artikelbild-300x300.jpeg 300w, https:\/\/www.keb-berlin.de\/wp-content\/uploads\/2023\/07\/RoS-Artikelbild-1024x1024.jpeg 1024w, https:\/\/www.keb-berlin.de\/wp-content\/uploads\/2023\/07\/RoS-Artikelbild-768x768.jpeg 768w, https:\/\/www.keb-berlin.de\/wp-content\/uploads\/2023\/07\/RoS-Artikelbild-1536x1536.jpeg 1536w, https:\/\/www.keb-berlin.de\/wp-content\/uploads\/2023\/07\/RoS-Artikelbild-45x45.jpeg 45w, https:\/\/www.keb-berlin.de\/wp-content\/uploads\/2023\/07\/RoS-Artikelbild.jpeg 2048w\" sizes=\"auto, (max-width: 150px) 100vw, 150px\" \/><\/a><\/div><div class=\"o-posts-grid-post-body\"><h5 class=\"o-posts-grid-post-title\"><a href=\"https:\/\/www.keb-berlin.de\/?p=1909\">Fahrradfahrerin vom BVG-Bus \u00fcberrollt<\/a><\/h5><div class=\"o-posts-grid-post-description\"><p>Zur Mahnwache f\u00fcr die get\u00f6tete Radfahrerin in M\u00fcggelheim<\/p><a class=\"o-posts-read-more\" href=\"https:\/\/www.keb-berlin.de\/?p=1909\">Read More<\/a><\/div><\/div><\/div><\/div><div class=\"o-posts-grid-post-blog o-posts-grid-post-plain\"><div class=\"o-posts-grid-post\"><div class=\"o-posts-grid-post-image\"><a href=\"https:\/\/www.keb-berlin.de\/?p=465\"><img loading=\"lazy\" decoding=\"async\" width=\"150\" height=\"150\" src=\"https:\/\/www.keb-berlin.de\/wp-content\/uploads\/2023\/08\/RuB-We-made-it-150x150.jpg\" class=\"attachment-thumbnail size-thumbnail\" alt=\"\" srcset=\"https:\/\/www.keb-berlin.de\/wp-content\/uploads\/2023\/08\/RuB-We-made-it-150x150.jpg 150w, https:\/\/www.keb-berlin.de\/wp-content\/uploads\/2023\/08\/RuB-We-made-it-300x300.jpg 300w, https:\/\/www.keb-berlin.de\/wp-content\/uploads\/2023\/08\/RuB-We-made-it-768x768.jpg 768w, https:\/\/www.keb-berlin.de\/wp-content\/uploads\/2023\/08\/RuB-We-made-it-45x45.jpg 45w, https:\/\/www.keb-berlin.de\/wp-content\/uploads\/2023\/08\/RuB-We-made-it.jpg 786w\" sizes=\"auto, (max-width: 150px) 100vw, 150px\" \/><\/a><\/div><div class=\"o-posts-grid-post-body\"><h5 class=\"o-posts-grid-post-title\"><a href=\"https:\/\/www.keb-berlin.de\/?p=465\">We made it &#8211; 317 Kilometer &#8220;Rund um Berlin&#8221;!<\/a><\/h5><div class=\"o-posts-grid-post-description\"><p>Am 26. August 2023 fuhren wir das Traditionsrennen Rund um Berlin nach.<\/p><a class=\"o-posts-read-more\" href=\"https:\/\/www.keb-berlin.de\/?p=465\">Read More<\/a><\/div><\/div><\/div><\/div><div class=\"o-posts-grid-post-blog o-posts-grid-post-plain\"><div class=\"o-posts-grid-post\"><div class=\"o-posts-grid-post-image\"><a href=\"https:\/\/www.keb-berlin.de\/?p=1661\"><img loading=\"lazy\" decoding=\"async\" width=\"150\" height=\"150\" src=\"https:\/\/www.keb-berlin.de\/wp-content\/uploads\/2023\/04\/Kommunalpolitik-Presse-150x150.jpeg\" class=\"attachment-thumbnail size-thumbnail\" alt=\"\" srcset=\"https:\/\/www.keb-berlin.de\/wp-content\/uploads\/2023\/04\/Kommunalpolitik-Presse-150x150.jpeg 150w, https:\/\/www.keb-berlin.de\/wp-content\/uploads\/2023\/04\/Kommunalpolitik-Presse-300x300.jpeg 300w, https:\/\/www.keb-berlin.de\/wp-content\/uploads\/2023\/04\/Kommunalpolitik-Presse-1024x1024.jpeg 1024w, https:\/\/www.keb-berlin.de\/wp-content\/uploads\/2023\/04\/Kommunalpolitik-Presse-768x768.jpeg 768w, https:\/\/www.keb-berlin.de\/wp-content\/uploads\/2023\/04\/Kommunalpolitik-Presse-1536x1536.jpeg 1536w, https:\/\/www.keb-berlin.de\/wp-content\/uploads\/2023\/04\/Kommunalpolitik-Presse-45x45.jpeg 45w, https:\/\/www.keb-berlin.de\/wp-content\/uploads\/2023\/04\/Kommunalpolitik-Presse.jpeg 2048w\" sizes=\"auto, (max-width: 150px) 100vw, 150px\" \/><\/a><\/div><div class=\"o-posts-grid-post-body\"><h5 class=\"o-posts-grid-post-title\"><a href=\"https:\/\/www.keb-berlin.de\/?p=1661\">Radfahrer durch Linksabbiegerin schwer verletzt<\/a><\/h5><div class=\"o-posts-grid-post-description\"><p>Polizeimeldung vom 21. August &#8211; Unfall in Reinickendorf<\/p><a class=\"o-posts-read-more\" href=\"https:\/\/www.keb-berlin.de\/?p=1661\">Read More<\/a><\/div><\/div><\/div><\/div><div class=\"o-posts-grid-post-blog o-posts-grid-post-plain\"><div class=\"o-posts-grid-post\"><div class=\"o-posts-grid-post-image\"><a href=\"https:\/\/www.keb-berlin.de\/?p=1556\"><img loading=\"lazy\" decoding=\"async\" width=\"150\" height=\"150\" src=\"https:\/\/www.keb-berlin.de\/wp-content\/uploads\/2023\/07\/RoS-Artikelbild-150x150.jpeg\" class=\"attachment-thumbnail size-thumbnail\" alt=\"\" srcset=\"https:\/\/www.keb-berlin.de\/wp-content\/uploads\/2023\/07\/RoS-Artikelbild-150x150.jpeg 150w, https:\/\/www.keb-berlin.de\/wp-content\/uploads\/2023\/07\/RoS-Artikelbild-300x300.jpeg 300w, https:\/\/www.keb-berlin.de\/wp-content\/uploads\/2023\/07\/RoS-Artikelbild-1024x1024.jpeg 1024w, https:\/\/www.keb-berlin.de\/wp-content\/uploads\/2023\/07\/RoS-Artikelbild-768x768.jpeg 768w, https:\/\/www.keb-berlin.de\/wp-content\/uploads\/2023\/07\/RoS-Artikelbild-1536x1536.jpeg 1536w, https:\/\/www.keb-berlin.de\/wp-content\/uploads\/2023\/07\/RoS-Artikelbild-45x45.jpeg 45w, https:\/\/www.keb-berlin.de\/wp-content\/uploads\/2023\/07\/RoS-Artikelbild.jpeg 2048w\" sizes=\"auto, (max-width: 150px) 100vw, 150px\" \/><\/a><\/div><div class=\"o-posts-grid-post-body\"><h5 class=\"o-posts-grid-post-title\"><a href=\"https:\/\/www.keb-berlin.de\/?p=1556\">Radfahrerin durch LKW get\u00f6tet<\/a><\/h5><div class=\"o-posts-grid-post-description\"><p>Meine Gedanken zur Mahnwache.<\/p><a class=\"o-posts-read-more\" href=\"https:\/\/www.keb-berlin.de\/?p=1556\">Read More<\/a><\/div><\/div><\/div><\/div><div class=\"o-posts-grid-post-blog o-posts-grid-post-plain\"><div class=\"o-posts-grid-post\"><div class=\"o-posts-grid-post-image\"><a href=\"https:\/\/www.keb-berlin.de\/?p=1541\"><img loading=\"lazy\" decoding=\"async\" width=\"150\" height=\"150\" src=\"https:\/\/www.keb-berlin.de\/wp-content\/uploads\/2023\/07\/Fear-and-loathing-in-Reinckendorf-150x150.jpg\" class=\"attachment-thumbnail size-thumbnail\" alt=\"\" srcset=\"https:\/\/www.keb-berlin.de\/wp-content\/uploads\/2023\/07\/Fear-and-loathing-in-Reinckendorf-150x150.jpg 150w, https:\/\/www.keb-berlin.de\/wp-content\/uploads\/2023\/07\/Fear-and-loathing-in-Reinckendorf-45x45.jpg 45w\" sizes=\"auto, (max-width: 150px) 100vw, 150px\" \/><\/a><\/div><div class=\"o-posts-grid-post-body\"><h5 class=\"o-posts-grid-post-title\"><a href=\"https:\/\/www.keb-berlin.de\/?p=1541\">1 Schritt vor, 2 zur\u00fcck &#8211; &#8220;zeitnahe&#8221; Freigabe Ollenhauerstra\u00dfe<\/a><\/h5><div class=\"o-posts-grid-post-description\"><p>Ein paar Gedanken zur Ollenhauer,  Fahrraddemo, Roedernallee und get\u00f6tete Radlerin<\/p><a class=\"o-posts-read-more\" href=\"https:\/\/www.keb-berlin.de\/?p=1541\">Read More<\/a><\/div><\/div><\/div><\/div><div class=\"o-posts-grid-post-blog o-posts-grid-post-plain\"><div class=\"o-posts-grid-post\"><div class=\"o-posts-grid-post-image\"><a href=\"https:\/\/www.keb-berlin.de\/?p=1393\"><img loading=\"lazy\" decoding=\"async\" width=\"150\" height=\"150\" src=\"https:\/\/www.keb-berlin.de\/wp-content\/uploads\/2023\/07\/DSC03565_Foto-Steffen-Meissner-150x150.jpg\" class=\"attachment-thumbnail size-thumbnail\" alt=\"\" srcset=\"https:\/\/www.keb-berlin.de\/wp-content\/uploads\/2023\/07\/DSC03565_Foto-Steffen-Meissner-150x150.jpg 150w, https:\/\/www.keb-berlin.de\/wp-content\/uploads\/2023\/07\/DSC03565_Foto-Steffen-Meissner-45x45.jpg 45w\" sizes=\"auto, (max-width: 150px) 100vw, 150px\" \/><\/a><\/div><div class=\"o-posts-grid-post-body\"><h5 class=\"o-posts-grid-post-title\"><a href=\"https:\/\/www.keb-berlin.de\/?p=1393\">Reinickendorfer Fahrradfahrer*innen fordern die Radwegs-Freigabe Ollenhauerstra\u00dfe<\/a><\/h5><div class=\"o-posts-grid-post-description\"><p>Meine Rede und Pressemitteilung zur Fahrraddemo von Sonntag<\/p><a class=\"o-posts-read-more\" href=\"https:\/\/www.keb-berlin.de\/?p=1393\">Read More<\/a><\/div><\/div><\/div><\/div><div class=\"o-posts-grid-post-blog o-posts-grid-post-plain\"><div class=\"o-posts-grid-post\"><div class=\"o-posts-grid-post-image\"><a href=\"https:\/\/www.keb-berlin.de\/?p=1350\"><img loading=\"lazy\" decoding=\"async\" width=\"150\" height=\"150\" src=\"https:\/\/www.keb-berlin.de\/wp-content\/uploads\/2023\/07\/1.-Juli-Demo-Ankuendigung-heute-150x150.jpg\" class=\"attachment-thumbnail size-thumbnail\" alt=\"\" srcset=\"https:\/\/www.keb-berlin.de\/wp-content\/uploads\/2023\/07\/1.-Juli-Demo-Ankuendigung-heute-150x150.jpg 150w, https:\/\/www.keb-berlin.de\/wp-content\/uploads\/2023\/07\/1.-Juli-Demo-Ankuendigung-heute-45x45.jpg 45w\" sizes=\"auto, (max-width: 150px) 100vw, 150px\" \/><\/a><\/div><div class=\"o-posts-grid-post-body\"><h5 class=\"o-posts-grid-post-title\"><a href=\"https:\/\/www.keb-berlin.de\/?p=1350\">Reinickendorf mobilisiert &#8211; nicht mit uns!<\/a><\/h5><div class=\"o-posts-grid-post-description\"><p>Am 1. Juli 2023 fand unsere Demo f\u00fcr sichere Radwege in Reinickendorf statt.<\/p><a class=\"o-posts-read-more\" href=\"https:\/\/www.keb-berlin.de\/?p=1350\">Read More<\/a><\/div><\/div><\/div><\/div><div class=\"o-posts-grid-post-blog o-posts-grid-post-plain\"><div class=\"o-posts-grid-post\"><div class=\"o-posts-grid-post-image\"><a href=\"https:\/\/www.keb-berlin.de\/?p=1332\"><img loading=\"lazy\" decoding=\"async\" width=\"150\" height=\"150\" src=\"https:\/\/www.keb-berlin.de\/wp-content\/uploads\/2023\/04\/Kommunalpolitik-Presse-150x150.jpeg\" class=\"attachment-thumbnail size-thumbnail\" alt=\"\" srcset=\"https:\/\/www.keb-berlin.de\/wp-content\/uploads\/2023\/04\/Kommunalpolitik-Presse-150x150.jpeg 150w, https:\/\/www.keb-berlin.de\/wp-content\/uploads\/2023\/04\/Kommunalpolitik-Presse-300x300.jpeg 300w, https:\/\/www.keb-berlin.de\/wp-content\/uploads\/2023\/04\/Kommunalpolitik-Presse-1024x1024.jpeg 1024w, https:\/\/www.keb-berlin.de\/wp-content\/uploads\/2023\/04\/Kommunalpolitik-Presse-768x768.jpeg 768w, https:\/\/www.keb-berlin.de\/wp-content\/uploads\/2023\/04\/Kommunalpolitik-Presse-1536x1536.jpeg 1536w, https:\/\/www.keb-berlin.de\/wp-content\/uploads\/2023\/04\/Kommunalpolitik-Presse-45x45.jpeg 45w, https:\/\/www.keb-berlin.de\/wp-content\/uploads\/2023\/04\/Kommunalpolitik-Presse.jpeg 2048w\" sizes=\"auto, (max-width: 150px) 100vw, 150px\" \/><\/a><\/div><div class=\"o-posts-grid-post-body\"><h5 class=\"o-posts-grid-post-title\"><a href=\"https:\/\/www.keb-berlin.de\/?p=1332\">Wittenau: Bus bremst Radfahrerin aus und verletzt sie!<\/a><\/h5><div class=\"o-posts-grid-post-description\"><p>Meine Gedanken zur Mitteilung aus dem Presseportal des Landes Berlin<\/p><a class=\"o-posts-read-more\" href=\"https:\/\/www.keb-berlin.de\/?p=1332\">Read More<\/a><\/div><\/div><\/div><\/div><div class=\"o-posts-grid-post-blog o-posts-grid-post-plain\"><div class=\"o-posts-grid-post\"><div class=\"o-posts-grid-post-image\"><a href=\"https:\/\/www.keb-berlin.de\/?p=1271\"><img loading=\"lazy\" decoding=\"async\" width=\"150\" height=\"150\" src=\"https:\/\/www.keb-berlin.de\/wp-content\/uploads\/2023\/06\/Ollenhauer-Fahrrad-durchgestrichen-150x150.jpg\" class=\"attachment-thumbnail size-thumbnail\" alt=\"\" srcset=\"https:\/\/www.keb-berlin.de\/wp-content\/uploads\/2023\/06\/Ollenhauer-Fahrrad-durchgestrichen-150x150.jpg 150w, https:\/\/www.keb-berlin.de\/wp-content\/uploads\/2023\/06\/Ollenhauer-Fahrrad-durchgestrichen-45x45.jpg 45w\" sizes=\"auto, (max-width: 150px) 100vw, 150px\" \/><\/a><\/div><div class=\"o-posts-grid-post-body\"><h5 class=\"o-posts-grid-post-title\"><a href=\"https:\/\/www.keb-berlin.de\/?p=1271\">&#8220;&#8230;ohne Einseitigkeiten eines Verkehrstr\u00e4gers.&#8221;<\/a><\/h5><div class=\"o-posts-grid-post-description\"><p>Zur Pressemitteilung der CDU-Verkehrssenatorin am 26. Juni<\/p><a class=\"o-posts-read-more\" href=\"https:\/\/www.keb-berlin.de\/?p=1271\">Read More<\/a><\/div><\/div><\/div><\/div><\/div> <\/div>","protected":false},"excerpt":{"rendered":"","protected":false},"author":1,"featured_media":620,"parent":76,"menu_order":0,"comment_status":"closed","ping_status":"closed","template":"","meta":{"_themeisle_gutenberg_block_has_review":false,"footnotes":""},"class_list":["post-298","page","type-page","status-publish","has-post-thumbnail","hentry"],"_links":{"self":[{"href":"https:\/\/www.keb-berlin.de\/index.php?rest_route=\/wp\/v2\/pages\/298","targetHints":{"allow":["GET"]}}],"collection":[{"href":"https:\/\/www.keb-berlin.de\/index.php?rest_route=\/wp\/v2\/pages"}],"about":[{"href":"https:\/\/www.keb-berlin.de\/index.php?rest_route=\/wp\/v2\/types\/page"}],"author":[{"embeddable":true,"href":"https:\/\/www.keb-berlin.de\/index.php?rest_route=\/wp\/v2\/users\/1"}],"replies":[{"embeddable":true,"href":"https:\/\/www.keb-berlin.de\/index.php?rest_route=%2Fwp%2Fv2%2Fcomments&post=298"}],"version-history":[{"count":17,"href":"https:\/\/www.keb-berlin.de\/index.php?rest_route=\/wp\/v2\/pages\/298\/revisions"}],"predecessor-version":[{"id":1457,"href":"https:\/\/www.keb-berlin.de\/index.php?rest_route=\/wp\/v2\/pages\/298\/revisions\/1457"}],"up":[{"embeddable":true,"href":"https:\/\/www.keb-berlin.de\/index.php?rest_route=\/wp\/v2\/pages\/76"}],"wp:featuredmedia":[{"embeddable":true,"href":"https:\/\/www.keb-berlin.de\/index.php?rest_route=\/wp\/v2\/media\/620"}],"wp:attachment":[{"href":"https:\/\/www.keb-berlin.de\/index.php?rest_route=%2Fwp%2Fv2%2Fmedia&parent=298"}],"curies":[{"name":"wp","href":"https:\/\/api.w.org\/{rel}","templated":true}]}}