{"id":330,"date":"2023-04-15T16:04:51","date_gmt":"2023-04-15T14:04:51","guid":{"rendered":"https:\/\/www.keb-berlin.de\/?page_id=330"},"modified":"2024-07-24T06:56:31","modified_gmt":"2024-07-24T04:56:31","slug":"aus-der-presse","status":"publish","type":"page","link":"https:\/\/www.keb-berlin.de\/?page_id=330","title":{"rendered":"\u00dcber mich &#8211; Kai E. Bartosch"},"content":{"rendered":"\n<p><strong>#Berlin #Reinickendorf #Fahrradalltag #Radaktivistin<\/strong><\/p>\n\n\n\n<p>Ich hei\u00dfe Kai E. Bartosch, wohnhaft in Berlin, geboren in K\u00f6ln. Meine Initialen plus Wohnort ergeben das KEB-Berlin. Diese Idee entstand 2017, als ich mich auf Twitter anmeldete und wegen der Fahrradfilme, die ich dort postete, anonym bleiben wollte.<\/p>\n\n\n\n<p>Neben der Radaktivistin bin ich parteilose Kommunalpolitikerin in der Bezirksverordnetenversammlung Reinickendorf, einem Stadtteil von Berlin.<\/p>\n\n\n\n<h2 class=\"wp-block-heading\">Hier mein Pressespiegel (Auszug):<\/h2>\n\n\n<ul class=\"wp-block-latest-posts__list has-link-color aligncenter wp-elements-30a838468690a79db64f8d41601a6367 wp-block-latest-posts has-text-color has-raft-fg-color\"><li><div class=\"wp-block-latest-posts__featured-image alignleft\"><a href=\"https:\/\/www.keb-berlin.de\/?p=2122\" aria-label=\"&#8220;Unabh\u00e4ngigkeit ist wichtig&#8221;\"><img loading=\"lazy\" decoding=\"async\" width=\"150\" height=\"150\" src=\"https:\/\/www.keb-berlin.de\/wp-content\/uploads\/2023\/04\/Presse-RAZ-150x150.jpeg\" class=\"attachment-thumbnail size-thumbnail wp-post-image\" alt=\"\" style=\"\" srcset=\"https:\/\/www.keb-berlin.de\/wp-content\/uploads\/2023\/04\/Presse-RAZ-150x150.jpeg 150w, https:\/\/www.keb-berlin.de\/wp-content\/uploads\/2023\/04\/Presse-RAZ-300x300.jpeg 300w, https:\/\/www.keb-berlin.de\/wp-content\/uploads\/2023\/04\/Presse-RAZ-1024x1024.jpeg 1024w, https:\/\/www.keb-berlin.de\/wp-content\/uploads\/2023\/04\/Presse-RAZ-768x768.jpeg 768w, https:\/\/www.keb-berlin.de\/wp-content\/uploads\/2023\/04\/Presse-RAZ-1536x1536.jpeg 1536w, https:\/\/www.keb-berlin.de\/wp-content\/uploads\/2023\/04\/Presse-RAZ-45x45.jpeg 45w, https:\/\/www.keb-berlin.de\/wp-content\/uploads\/2023\/04\/Presse-RAZ.jpeg 2048w\" sizes=\"auto, (max-width: 150px) 100vw, 150px\" \/><\/a><\/div><a class=\"wp-block-latest-posts__post-title\" href=\"https:\/\/www.keb-berlin.de\/?p=2122\">&#8220;Unabh\u00e4ngigkeit ist wichtig&#8221;<\/a><div class=\"wp-block-latest-posts__post-excerpt\">RAZ-Artikel in Ausgabe Nr. 1 2024 zu meinem Projekt &#8220;Frauen aufs Rad!&#8221;<\/div><\/li>\n<li><div class=\"wp-block-latest-posts__featured-image alignleft\"><a href=\"https:\/\/www.keb-berlin.de\/?p=1888\" aria-label=\"Schwerer Radunfall an Berlins umstrittenstem Radweg\"><img loading=\"lazy\" decoding=\"async\" width=\"150\" height=\"150\" src=\"https:\/\/www.keb-berlin.de\/wp-content\/uploads\/2023\/04\/Presse-Mopo-150x150.jpeg\" class=\"attachment-thumbnail size-thumbnail wp-post-image\" alt=\"\" style=\"\" srcset=\"https:\/\/www.keb-berlin.de\/wp-content\/uploads\/2023\/04\/Presse-Mopo-150x150.jpeg 150w, https:\/\/www.keb-berlin.de\/wp-content\/uploads\/2023\/04\/Presse-Mopo-300x300.jpeg 300w, https:\/\/www.keb-berlin.de\/wp-content\/uploads\/2023\/04\/Presse-Mopo-1024x1024.jpeg 1024w, https:\/\/www.keb-berlin.de\/wp-content\/uploads\/2023\/04\/Presse-Mopo-768x768.jpeg 768w, https:\/\/www.keb-berlin.de\/wp-content\/uploads\/2023\/04\/Presse-Mopo-1536x1536.jpeg 1536w, https:\/\/www.keb-berlin.de\/wp-content\/uploads\/2023\/04\/Presse-Mopo-45x45.jpeg 45w, https:\/\/www.keb-berlin.de\/wp-content\/uploads\/2023\/04\/Presse-Mopo.jpeg 2048w\" sizes=\"auto, (max-width: 150px) 100vw, 150px\" \/><\/a><\/div><a class=\"wp-block-latest-posts__post-title\" href=\"https:\/\/www.keb-berlin.de\/?p=1888\">Schwerer Radunfall an Berlins umstrittenstem Radweg<\/a><div class=\"wp-block-latest-posts__post-excerpt\">Morgenpost-Artikel am 27. September 2023<\/div><\/li>\n<li><div class=\"wp-block-latest-posts__featured-image alignleft\"><a href=\"https:\/\/www.keb-berlin.de\/?p=1874\" aria-label=\"Unfall auf der Ollenhauerstra\u00dfe\"><img loading=\"lazy\" decoding=\"async\" width=\"150\" height=\"150\" src=\"https:\/\/www.keb-berlin.de\/wp-content\/uploads\/2023\/04\/Presse-Tagesspiegel-150x150.jpeg\" class=\"attachment-thumbnail size-thumbnail wp-post-image\" alt=\"\" style=\"\" srcset=\"https:\/\/www.keb-berlin.de\/wp-content\/uploads\/2023\/04\/Presse-Tagesspiegel-150x150.jpeg 150w, https:\/\/www.keb-berlin.de\/wp-content\/uploads\/2023\/04\/Presse-Tagesspiegel-300x300.jpeg 300w, https:\/\/www.keb-berlin.de\/wp-content\/uploads\/2023\/04\/Presse-Tagesspiegel-1024x1024.jpeg 1024w, https:\/\/www.keb-berlin.de\/wp-content\/uploads\/2023\/04\/Presse-Tagesspiegel-768x768.jpeg 768w, https:\/\/www.keb-berlin.de\/wp-content\/uploads\/2023\/04\/Presse-Tagesspiegel-1536x1536.jpeg 1536w, https:\/\/www.keb-berlin.de\/wp-content\/uploads\/2023\/04\/Presse-Tagesspiegel-45x45.jpeg 45w, https:\/\/www.keb-berlin.de\/wp-content\/uploads\/2023\/04\/Presse-Tagesspiegel.jpeg 2048w\" sizes=\"auto, (max-width: 150px) 100vw, 150px\" \/><\/a><\/div><a class=\"wp-block-latest-posts__post-title\" href=\"https:\/\/www.keb-berlin.de\/?p=1874\">Unfall auf der Ollenhauerstra\u00dfe<\/a><div class=\"wp-block-latest-posts__post-excerpt\">Tagesspiegel Reinickendorf am 27. September 2023<\/div><\/li>\n<li><div class=\"wp-block-latest-posts__featured-image alignleft\"><a href=\"https:\/\/www.keb-berlin.de\/?p=1883\" aria-label=\"Projekt &#8220;Frauen aufs Rad&#8221; geht weiter\"><img loading=\"lazy\" decoding=\"async\" width=\"150\" height=\"150\" src=\"https:\/\/www.keb-berlin.de\/wp-content\/uploads\/2023\/04\/Presse-Tagesspiegel-150x150.jpeg\" class=\"attachment-thumbnail size-thumbnail wp-post-image\" alt=\"\" style=\"\" srcset=\"https:\/\/www.keb-berlin.de\/wp-content\/uploads\/2023\/04\/Presse-Tagesspiegel-150x150.jpeg 150w, https:\/\/www.keb-berlin.de\/wp-content\/uploads\/2023\/04\/Presse-Tagesspiegel-300x300.jpeg 300w, https:\/\/www.keb-berlin.de\/wp-content\/uploads\/2023\/04\/Presse-Tagesspiegel-1024x1024.jpeg 1024w, https:\/\/www.keb-berlin.de\/wp-content\/uploads\/2023\/04\/Presse-Tagesspiegel-768x768.jpeg 768w, https:\/\/www.keb-berlin.de\/wp-content\/uploads\/2023\/04\/Presse-Tagesspiegel-1536x1536.jpeg 1536w, https:\/\/www.keb-berlin.de\/wp-content\/uploads\/2023\/04\/Presse-Tagesspiegel-45x45.jpeg 45w, https:\/\/www.keb-berlin.de\/wp-content\/uploads\/2023\/04\/Presse-Tagesspiegel.jpeg 2048w\" sizes=\"auto, (max-width: 150px) 100vw, 150px\" \/><\/a><\/div><a class=\"wp-block-latest-posts__post-title\" href=\"https:\/\/www.keb-berlin.de\/?p=1883\">Projekt &#8220;Frauen aufs Rad&#8221; geht weiter<\/a><div class=\"wp-block-latest-posts__post-excerpt\">Tagesspiegel Reinickendorf am 27. September 2023<\/div><\/li>\n<li><div class=\"wp-block-latest-posts__featured-image alignleft\"><a href=\"https:\/\/www.keb-berlin.de\/?p=1313\" aria-label=\"Radweg-Odyssee findet kein Ende\"><img loading=\"lazy\" decoding=\"async\" width=\"150\" height=\"150\" src=\"https:\/\/www.keb-berlin.de\/wp-content\/uploads\/2023\/06\/Pressespiegel-Berliner-Woche-150x150.jpg\" class=\"attachment-thumbnail size-thumbnail wp-post-image\" alt=\"\" style=\"\" srcset=\"https:\/\/www.keb-berlin.de\/wp-content\/uploads\/2023\/06\/Pressespiegel-Berliner-Woche-150x150.jpg 150w, https:\/\/www.keb-berlin.de\/wp-content\/uploads\/2023\/06\/Pressespiegel-Berliner-Woche-300x300.jpg 300w, https:\/\/www.keb-berlin.de\/wp-content\/uploads\/2023\/06\/Pressespiegel-Berliner-Woche-1024x1024.jpg 1024w, https:\/\/www.keb-berlin.de\/wp-content\/uploads\/2023\/06\/Pressespiegel-Berliner-Woche-768x768.jpg 768w, https:\/\/www.keb-berlin.de\/wp-content\/uploads\/2023\/06\/Pressespiegel-Berliner-Woche-45x45.jpg 45w, https:\/\/www.keb-berlin.de\/wp-content\/uploads\/2023\/06\/Pressespiegel-Berliner-Woche.jpg 1280w\" sizes=\"auto, (max-width: 150px) 100vw, 150px\" \/><\/a><\/div><a class=\"wp-block-latest-posts__post-title\" href=\"https:\/\/www.keb-berlin.de\/?p=1313\">Radweg-Odyssee findet kein Ende<\/a><div class=\"wp-block-latest-posts__post-excerpt\">Berliner Woche am 1. Juli 2023<\/div><\/li>\n<\/ul>\n\n\n<div style=\"height:22px\" aria-hidden=\"true\" class=\"wp-block-spacer\"><\/div>\n\n\n\n<h2 class=\"wp-block-heading has-text-align-left\">Radaktivistin und Politikerin<\/h2>\n\n\n\n<figure class=\"wp-block-gallery has-nested-images columns-default is-cropped wp-block-gallery-1 is-layout-flex wp-block-gallery-is-layout-flex\">\n<figure class=\"wp-block-image size-large\"><img loading=\"lazy\" decoding=\"async\" width=\"690\" height=\"1024\" data-id=\"1637\" src=\"https:\/\/www.keb-berlin.de\/wp-content\/uploads\/2023\/08\/Respect-Cyclists-Kai-690x1024.jpg\" alt=\"\" class=\"wp-image-1637\" srcset=\"https:\/\/www.keb-berlin.de\/wp-content\/uploads\/2023\/08\/Respect-Cyclists-Kai-690x1024.jpg 690w, https:\/\/www.keb-berlin.de\/wp-content\/uploads\/2023\/08\/Respect-Cyclists-Kai-202x300.jpg 202w, https:\/\/www.keb-berlin.de\/wp-content\/uploads\/2023\/08\/Respect-Cyclists-Kai-768x1140.jpg 768w, https:\/\/www.keb-berlin.de\/wp-content\/uploads\/2023\/08\/Respect-Cyclists-Kai-1035x1536.jpg 1035w, https:\/\/www.keb-berlin.de\/wp-content\/uploads\/2023\/08\/Respect-Cyclists-Kai-1380x2048.jpg 1380w, https:\/\/www.keb-berlin.de\/wp-content\/uploads\/2023\/08\/Respect-Cyclists-Kai-scaled.jpg 1724w\" sizes=\"auto, (max-width: 690px) 100vw, 690px\" \/><figcaption class=\"wp-element-caption\">August 2023 &#8211; Fahrraddemo in Reinickendorf (Quelle: Ava B.)<\/figcaption><\/figure>\n\n\n\n<figure class=\"wp-block-image size-large\"><img loading=\"lazy\" decoding=\"async\" width=\"664\" height=\"1009\" data-id=\"800\" src=\"https:\/\/www.keb-berlin.de\/wp-content\/uploads\/2023\/05\/Kai-1.jpg\" alt=\"\" class=\"wp-image-800\" srcset=\"https:\/\/www.keb-berlin.de\/wp-content\/uploads\/2023\/05\/Kai-1.jpg 664w, https:\/\/www.keb-berlin.de\/wp-content\/uploads\/2023\/05\/Kai-1-197x300.jpg 197w\" sizes=\"auto, (max-width: 664px) 100vw, 664px\" \/><figcaption class=\"wp-element-caption\">M\u00e4rz 2023 &#8211; JA zum Klimavolksentscheid (Quelle: Ava B.)<\/figcaption><\/figure>\n<\/figure>\n\n\n\n<p>Es gibt genug Themen, f\u00fcr die ich mich engagiere: Ich bin Mitglied beim <strong><a href=\"https:\/\/berlin.adfc.de\/\" target=\"_blank\" rel=\"noreferrer noopener\">ADFC Berlin<\/a><\/strong> und beim <strong><a href=\"https:\/\/www.rad-reinickendorf.de\/\" data-type=\"URL\" data-id=\"https:\/\/www.rad-reinickendorf.de\/\" target=\"_blank\" rel=\"noreferrer noopener\">Netzwerk Fahrradfreundliches Reinickendorf <\/a><\/strong>und unterst\u00fctze Aktionen des <strong><a href=\"https:\/\/nordost.vcd.org\/startseite\" data-type=\"URL\" data-id=\"https:\/\/nordost.vcd.org\/startseite\" target=\"_blank\" rel=\"noreferrer noopener\">VCD<\/a><\/strong> (Verkehrsclub Deutschland) von <strong><a href=\"https:\/\/changing-cities.org\/\" data-type=\"URL\" data-id=\"https:\/\/changing-cities.org\/\" target=\"_blank\" rel=\"noreferrer noopener\">Changing Cities<\/a><\/strong> und <strong><a href=\"https:\/\/www.respectcyclists.de\/\" data-type=\"URL\" data-id=\"https:\/\/www.respectcyclists.de\/\" target=\"_blank\" rel=\"noreferrer noopener\">Respect Cyclists<\/a><\/strong>. Vor den Aktionen der <strong>Letzten Generation<\/strong> habe ich gro\u00dfen Respekt und spende regelm\u00e4\u00dfig an die Initiative Gesellschaftsrat (IG). Und vor allem vergesse ich nie die <strong><a href=\"https:\/\/www.keb-berlin.de\/?p=909\" data-type=\"URL\" data-id=\"https:\/\/www.keb-berlin.de\/?p=909\" target=\"_blank\" rel=\"noreferrer noopener\">weibliche Perspektive<\/a><\/strong><strong><a href=\"https:\/\/www.keb-berlin.de\/?p=866\" target=\"_blank\" rel=\"noreferrer noopener\">!<\/a><\/strong><\/p>\n\n\n\n<p>Bis zu meinem <strong><a href=\"https:\/\/www.keb-berlin.de\/?p=778\" data-type=\"URL\" data-id=\"https:\/\/www.keb-berlin.de\/?p=778\" target=\"_blank\" rel=\"noreferrer noopener\">Austritt am 1. Mai 2023 <\/a><\/strong>war ich Mitglied der LINKEN. Ich habe gemerkt, dass ich mit meinen verkehrspolitischen Positionen eher bei den linken Gr\u00fcnen stehe und arbeite auf kommunalpolitischer Ebene viel mit der Gr\u00fcnen Fraktion zusammen. F\u00fcr eine Mitgliedschaft in der gr\u00fcnen Partei reicht es nicht, f\u00fcr eine vertrauensvolle Zusammenarbeit in der BVV allerdings schon.<\/p>\n\n\n\n<p>Als ich mit meinen <strong><a href=\"https:\/\/twitter.com\/keb_berlin\" data-type=\"URL\" data-id=\"https:\/\/twitter.com\/keb_berlin\" target=\"_blank\" rel=\"noreferrer noopener\">Twitter-Aktivit\u00e4ten<\/a><\/strong> begann, merkte ich sehr schnell, wie sich die Kommentare ver\u00e4nderten, sobald die Leute merkten, dass ich eine Frau bin. Dann wurde es pers\u00f6nlich und beleidigend. Andererseits ist gerade unter <strong>Frauen<\/strong> die Solidarit\u00e4t sehr gro\u00df ist &#8211; vielleicht, weil wir eine besonders kleine Gruppe unter den Rennradfahrenden sind. Auch deswegen hatte ich mich irgendwann entschieden, die Anonymit\u00e4t bei Twitter aufzuweichen.<\/p>\n\n\n\n<p>Wenn ich mich selbst als #Kampfradlerin bezeichne, dann ist damit jemand gemeint, die ihre Rechte kennt und f\u00fcr sie k\u00e4mpft &#8211; und nein, Leute die r\u00fccksichtslos \u00fcber den B\u00fcrgersteig brettern, sind sog. #Ramboradler. Dieses Verhalten lehne ich absolut ab!<\/p>\n\n\n\n<p>Ich habe seit vielen Jahren einen Motorrad- und Auto-F\u00fchrerschein. Die StVO kenne ich besser als die meisten vermeintlichen Hilfspolizisten, die durch N\u00f6tigung, Hupen und Gef\u00e4hrdung zeigen wollen, dass ich nicht auf &#8220;ihrer&#8221; Stra\u00dfe fahren d\u00fcrfe. Leider erlebe ich dieses Verhalten jeden Tag auf meinem Arbeitsweg, der mich quer durch Berlin f\u00fchrt.<\/p>\n\n\n\n<p>Eines meiner wichtigsten Projekte als Kommunalpolitikerin ist &#8220;<strong><a href=\"https:\/\/www.keb-berlin.de\/?p=2247\" target=\"_blank\" rel=\"noreferrer noopener\">Frauen aufs Rad<\/a><\/strong>&#8221; &#8211; ich verschenke alle zwei\/drei Monate ein Fahrrad an eine Frau oder ein M\u00e4dchen aus Reinickendorf, die sich kein eigenes Fahrrad leisten kann.<\/p>\n\n\n\n<p><\/p>\n","protected":false},"excerpt":{"rendered":"<p>#Berlin #Reinickendorf #Fahrradalltag #Radaktivistin Ich hei\u00dfe Kai E. Bartosch, wohnhaft in Berlin, geboren in K\u00f6ln. Meine Initialen plus Wohnort ergeben das KEB-Berlin. Diese Idee entstand 2017, als ich mich auf Twitter anmeldete und wegen der Fahrradfilme, die ich dort postete, anonym bleiben wollte. Neben der Radaktivistin bin ich parteilose Kommunalpolitikerin in der Bezirksverordnetenversammlung Reinickendorf, einem [&hellip;]<\/p>\n","protected":false},"author":1,"featured_media":623,"parent":0,"menu_order":0,"comment_status":"closed","ping_status":"closed","template":"","meta":{"_themeisle_gutenberg_block_has_review":false,"footnotes":""},"class_list":["post-330","page","type-page","status-publish","has-post-thumbnail","hentry"],"_links":{"self":[{"href":"https:\/\/www.keb-berlin.de\/index.php?rest_route=\/wp\/v2\/pages\/330","targetHints":{"allow":["GET"]}}],"collection":[{"href":"https:\/\/www.keb-berlin.de\/index.php?rest_route=\/wp\/v2\/pages"}],"about":[{"href":"https:\/\/www.keb-berlin.de\/index.php?rest_route=\/wp\/v2\/types\/page"}],"author":[{"embeddable":true,"href":"https:\/\/www.keb-berlin.de\/index.php?rest_route=\/wp\/v2\/users\/1"}],"replies":[{"embeddable":true,"href":"https:\/\/www.keb-berlin.de\/index.php?rest_route=%2Fwp%2Fv2%2Fcomments&post=330"}],"version-history":[{"count":36,"href":"https:\/\/www.keb-berlin.de\/index.php?rest_route=\/wp\/v2\/pages\/330\/revisions"}],"predecessor-version":[{"id":2325,"href":"https:\/\/www.keb-berlin.de\/index.php?rest_route=\/wp\/v2\/pages\/330\/revisions\/2325"}],"wp:featuredmedia":[{"embeddable":true,"href":"https:\/\/www.keb-berlin.de\/index.php?rest_route=\/wp\/v2\/media\/623"}],"wp:attachment":[{"href":"https:\/\/www.keb-berlin.de\/index.php?rest_route=%2Fwp%2Fv2%2Fmedia&parent=330"}],"curies":[{"name":"wp","href":"https:\/\/api.w.org\/{rel}","templated":true}]}}