{"id":59,"date":"2023-03-07T10:35:21","date_gmt":"2023-03-07T09:35:21","guid":{"rendered":"https:\/\/www.keb-berlin.de\/?page_id=59"},"modified":"2023-10-05T14:14:32","modified_gmt":"2023-10-05T12:14:32","slug":"neues-aus-der-bvv","status":"publish","type":"page","link":"https:\/\/www.keb-berlin.de\/?page_id=59","title":{"rendered":"Meine Drucksachen in der BVV"},"content":{"rendered":"\n<p><\/p>\n\n\n\n<h2 class=\"wp-block-heading\">Antr\u00e4ge fraktionslos &#8211; mit B\u00fcndnis 90\/Die Gr\u00fcnen<\/h2>\n\n\n\n<p>Hier sind nur Drucksachen zu finden, die ich als Einzelverordnete nach meinem Austritt aus der LINKEN eingebracht habe &#8211; also nach dem 1. Mai 2023<\/p>\n\n\n<div class=\"wp-block-themeisle-blocks-posts-grid\" id=\"wp-block-themeisle-blocks-posts-grid-5e9d6bd5\"><div class=\"is-list o-crop-img\"><div class=\"o-posts-grid-post-blog o-posts-grid-post-plain\"><div class=\"o-posts-grid-post\"><div class=\"o-posts-grid-post-image\"><a href=\"https:\/\/www.keb-berlin.de\/?p=1319\"><img loading=\"lazy\" decoding=\"async\" width=\"150\" height=\"150\" src=\"https:\/\/www.keb-berlin.de\/wp-content\/uploads\/2023\/06\/Drs-1292-XXI-Beitragsbild-150x150.jpg\" class=\"attachment-thumbnail size-thumbnail\" alt=\"\" srcset=\"https:\/\/www.keb-berlin.de\/wp-content\/uploads\/2023\/06\/Drs-1292-XXI-Beitragsbild-150x150.jpg 150w, https:\/\/www.keb-berlin.de\/wp-content\/uploads\/2023\/06\/Drs-1292-XXI-Beitragsbild-45x45.jpg 45w\" sizes=\"auto, (max-width: 150px) 100vw, 150px\" \/><\/a><\/div><div class=\"o-posts-grid-post-body\"><h5 class=\"o-posts-grid-post-title\"><a href=\"https:\/\/www.keb-berlin.de\/?p=1319\">Mehr Sicherheit auf der Kreuzung Am Nordgraben\/Schorfheidestra\u00dfe<\/a><\/h5><div class=\"o-posts-grid-post-description\"><p>BVV-Antrag eingereicht am 28. Juni 2023 &#8211; (Drs. 1292\/XXI)<\/p><a class=\"o-posts-read-more\" href=\"https:\/\/www.keb-berlin.de\/?p=1319\">Read More<\/a><\/div><\/div><\/div><\/div><\/div> <\/div>\n\n\n<h2 class=\"wp-block-heading\">Antr\u00e4ge &#8211; alt (Auswahl)<\/h2>\n\n\n<div class=\"wp-block-themeisle-blocks-posts-grid\" id=\"wp-block-themeisle-blocks-posts-grid-b53b8ebc\"><div class=\"is-list o-crop-img\"><div class=\"o-posts-grid-post-blog o-posts-grid-post-plain\"><div class=\"o-posts-grid-post\"><div class=\"o-posts-grid-post-image\"><a href=\"https:\/\/www.keb-berlin.de\/?p=2126\"><img loading=\"lazy\" decoding=\"async\" width=\"150\" height=\"150\" src=\"https:\/\/www.keb-berlin.de\/wp-content\/uploads\/2024\/01\/E80BB5B8-6AE9-465C-B5D9-2E782C1D4737-150x150.jpeg\" class=\"attachment-thumbnail size-thumbnail\" alt=\"\" srcset=\"https:\/\/www.keb-berlin.de\/wp-content\/uploads\/2024\/01\/E80BB5B8-6AE9-465C-B5D9-2E782C1D4737-150x150.jpeg 150w, https:\/\/www.keb-berlin.de\/wp-content\/uploads\/2024\/01\/E80BB5B8-6AE9-465C-B5D9-2E782C1D4737-300x300.jpeg 300w, https:\/\/www.keb-berlin.de\/wp-content\/uploads\/2024\/01\/E80BB5B8-6AE9-465C-B5D9-2E782C1D4737-1024x1024.jpeg 1024w, https:\/\/www.keb-berlin.de\/wp-content\/uploads\/2024\/01\/E80BB5B8-6AE9-465C-B5D9-2E782C1D4737-768x768.jpeg 768w, https:\/\/www.keb-berlin.de\/wp-content\/uploads\/2024\/01\/E80BB5B8-6AE9-465C-B5D9-2E782C1D4737-1536x1536.jpeg 1536w, https:\/\/www.keb-berlin.de\/wp-content\/uploads\/2024\/01\/E80BB5B8-6AE9-465C-B5D9-2E782C1D4737-45x45.jpeg 45w, https:\/\/www.keb-berlin.de\/wp-content\/uploads\/2024\/01\/E80BB5B8-6AE9-465C-B5D9-2E782C1D4737.jpeg 2048w\" sizes=\"auto, (max-width: 150px) 100vw, 150px\" \/><\/a><\/div><div class=\"o-posts-grid-post-body\"><h5 class=\"o-posts-grid-post-title\"><a href=\"https:\/\/www.keb-berlin.de\/?p=2126\">Fu\u00dfg\u00e4ngerfreundliche Ampelschaltung\/U8-Aufzug<\/a><\/h5><div class=\"o-posts-grid-post-description\"><p>Antrag erfolgreich &#8211; Die Ampelschaltung f\u00fcr Fu\u00dfg\u00e4nger*innen zum U8-Aufzug am Wilhelmsruher Damm soll besser werden.<\/p><a class=\"o-posts-read-more\" href=\"https:\/\/www.keb-berlin.de\/?p=2126\">Read More<\/a><\/div><\/div><\/div><\/div><div class=\"o-posts-grid-post-blog o-posts-grid-post-plain\"><div class=\"o-posts-grid-post\"><div class=\"o-posts-grid-post-image\"><a href=\"https:\/\/www.keb-berlin.de\/?p=2056\"><img loading=\"lazy\" decoding=\"async\" width=\"150\" height=\"150\" src=\"https:\/\/www.keb-berlin.de\/wp-content\/uploads\/2023\/12\/photo_2023-12-09_16-27-18-150x150.jpg\" class=\"attachment-thumbnail size-thumbnail\" alt=\"\" srcset=\"https:\/\/www.keb-berlin.de\/wp-content\/uploads\/2023\/12\/photo_2023-12-09_16-27-18-150x150.jpg 150w, https:\/\/www.keb-berlin.de\/wp-content\/uploads\/2023\/12\/photo_2023-12-09_16-27-18-300x300.jpg 300w, https:\/\/www.keb-berlin.de\/wp-content\/uploads\/2023\/12\/photo_2023-12-09_16-27-18-1024x1024.jpg 1024w, https:\/\/www.keb-berlin.de\/wp-content\/uploads\/2023\/12\/photo_2023-12-09_16-27-18-768x768.jpg 768w, https:\/\/www.keb-berlin.de\/wp-content\/uploads\/2023\/12\/photo_2023-12-09_16-27-18-45x45.jpg 45w, https:\/\/www.keb-berlin.de\/wp-content\/uploads\/2023\/12\/photo_2023-12-09_16-27-18.jpg 1280w\" sizes=\"auto, (max-width: 150px) 100vw, 150px\" \/><\/a><\/div><div class=\"o-posts-grid-post-body\"><h5 class=\"o-posts-grid-post-title\"><a href=\"https:\/\/www.keb-berlin.de\/?p=2056\">Mehr Sicherheit im Dunkeln auf dem Saalmannsteig<\/a><\/h5><div class=\"o-posts-grid-post-description\"><p>Antrag erfolgreich &#8211; Stand der Umsetzung (VzK) Dezember 2023.<\/p><a class=\"o-posts-read-more\" href=\"https:\/\/www.keb-berlin.de\/?p=2056\">Read More<\/a><\/div><\/div><\/div><\/div><div class=\"o-posts-grid-post-blog o-posts-grid-post-plain\"><div class=\"o-posts-grid-post\"><div class=\"o-posts-grid-post-image\"><a href=\"https:\/\/www.keb-berlin.de\/?p=1928\"><img loading=\"lazy\" decoding=\"async\" width=\"150\" height=\"150\" src=\"https:\/\/www.keb-berlin.de\/wp-content\/uploads\/2023\/10\/Scherben-vor-Altglas-150x150.jpeg\" class=\"attachment-thumbnail size-thumbnail\" alt=\"\" srcset=\"https:\/\/www.keb-berlin.de\/wp-content\/uploads\/2023\/10\/Scherben-vor-Altglas-150x150.jpeg 150w, https:\/\/www.keb-berlin.de\/wp-content\/uploads\/2023\/10\/Scherben-vor-Altglas-300x300.jpeg 300w, https:\/\/www.keb-berlin.de\/wp-content\/uploads\/2023\/10\/Scherben-vor-Altglas-1024x1024.jpeg 1024w, https:\/\/www.keb-berlin.de\/wp-content\/uploads\/2023\/10\/Scherben-vor-Altglas-768x768.jpeg 768w, https:\/\/www.keb-berlin.de\/wp-content\/uploads\/2023\/10\/Scherben-vor-Altglas-1536x1536.jpeg 1536w, https:\/\/www.keb-berlin.de\/wp-content\/uploads\/2023\/10\/Scherben-vor-Altglas-45x45.jpeg 45w, https:\/\/www.keb-berlin.de\/wp-content\/uploads\/2023\/10\/Scherben-vor-Altglas.jpeg 2048w\" sizes=\"auto, (max-width: 150px) 100vw, 150px\" \/><\/a><\/div><div class=\"o-posts-grid-post-body\"><h5 class=\"o-posts-grid-post-title\"><a href=\"https:\/\/www.keb-berlin.de\/?p=1928\">Scherben vor Altglascontainern &#8211; Gefahr f\u00fcr Radfahrende<\/a><\/h5><div class=\"o-posts-grid-post-description\"><p>Antrag erfolgreich &#8211; bitte meldet mir betroffene Standorte!<\/p><a class=\"o-posts-read-more\" href=\"https:\/\/www.keb-berlin.de\/?p=1928\">Read More<\/a><\/div><\/div><\/div><\/div><div class=\"o-posts-grid-post-blog o-posts-grid-post-plain\"><div class=\"o-posts-grid-post\"><div class=\"o-posts-grid-post-image\"><a href=\"https:\/\/www.keb-berlin.de\/?p=1720\"><img loading=\"lazy\" decoding=\"async\" width=\"150\" height=\"150\" src=\"https:\/\/www.keb-berlin.de\/wp-content\/uploads\/2023\/08\/Drs.-0780-Beitragsbild-150x150.jpg\" class=\"attachment-thumbnail size-thumbnail\" alt=\"\" srcset=\"https:\/\/www.keb-berlin.de\/wp-content\/uploads\/2023\/08\/Drs.-0780-Beitragsbild-150x150.jpg 150w, https:\/\/www.keb-berlin.de\/wp-content\/uploads\/2023\/08\/Drs.-0780-Beitragsbild-45x45.jpg 45w\" sizes=\"auto, (max-width: 150px) 100vw, 150px\" \/><\/a><\/div><div class=\"o-posts-grid-post-body\"><h5 class=\"o-posts-grid-post-title\"><a href=\"https:\/\/www.keb-berlin.de\/?p=1720\">Querungshilfen Bernstorffstra\u00dfe und Buddestra\u00dfe (Tegel)<\/a><\/h5><div class=\"o-posts-grid-post-description\"><p>BVV-Antr\u00e4ge noch als LINKE eingereicht Okotber 2022 (Drs. 0779\/XXI und Drs. 0780\/XXI)<\/p><a class=\"o-posts-read-more\" href=\"https:\/\/www.keb-berlin.de\/?p=1720\">Read More<\/a><\/div><\/div><\/div><\/div><\/div> <\/div>\n\n\n<h2 class=\"wp-block-heading\">M\u00fcndliche Anfragen<\/h2>\n\n\n\n<ul class=\"wp-block-list\">\n<li>Gef\u00e4hrliche Situation von Radfahrenden auf der Ollenhauerstra\u00dfe (<strong><a rel=\"noreferrer noopener\" href=\"https:\/\/www.berlin.de\/ba-reinickendorf\/politik-und-verwaltung\/bezirksverordnetenversammlung\/online\/vo020.asp?VOLFDNR=11464\" data-type=\"URL\" data-id=\"https:\/\/www.berlin.de\/ba-reinickendorf\/politik-und-verwaltung\/bezirksverordnetenversammlung\/online\/vo020.asp?VOLFDNR=11464\" target=\"_blank\">Drs. 1271\/XXI<\/a><\/strong>) &#8211; Antwort: <strong><a href=\"https:\/\/www.berlin.de\/ba-reinickendorf\/politik-und-verwaltung\/bezirksverordnetenversammlung\/online\/vo020.asp?VOLFDNR=11541\" data-type=\"URL\" data-id=\"https:\/\/www.berlin.de\/ba-reinickendorf\/politik-und-verwaltung\/bezirksverordnetenversammlung\/online\/vo020.asp?VOLFDNR=11541\" target=\"_blank\" rel=\"noreferrer noopener\">Drs. 1271\/XXI-01<\/a><\/strong><\/li>\n\n\n\n<li>Freigabe von Radverkehrsanlagen (<strong><a rel=\"noreferrer noopener\" href=\"https:\/\/www.berlin.de\/ba-reinickendorf\/politik-und-verwaltung\/bezirksverordnetenversammlung\/online\/vo020.asp?VOLFDNR=11361\" data-type=\"URL\" data-id=\"https:\/\/www.berlin.de\/ba-reinickendorf\/politik-und-verwaltung\/bezirksverordnetenversammlung\/online\/vo020.asp?VOLFDNR=11361\" target=\"_blank\">Drs. 1194\/XXI<\/a><\/strong>) &#8211; Antwort: <strong><a rel=\"noreferrer noopener\" href=\"https:\/\/www.berlin.de\/ba-reinickendorf\/politik-und-verwaltung\/bezirksverordnetenversammlung\/online\/vo020.asp?VOLFDNR=11414\" data-type=\"URL\" data-id=\"https:\/\/www.berlin.de\/ba-reinickendorf\/politik-und-verwaltung\/bezirksverordnetenversammlung\/online\/vo020.asp?VOLFDNR=11414\" target=\"_blank\">Drs. 1194\/XXI-01<\/a><\/strong><\/li>\n<\/ul>\n\n\n\n<h2 class=\"wp-block-heading\">Antr\u00e4ge B\u00fcndnis 90\/Die Gr\u00fcnen &#8211; Mitzeichnung<\/h2>\n\n\n\n<p>Hier Antr\u00e4ge der <strong><a rel=\"noreferrer noopener\" href=\"https:\/\/gruene-fraktion-reinickendorf.de\/category\/anfragen\/\" data-type=\"URL\" data-id=\"https:\/\/gruene-fraktion-reinickendorf.de\/category\/anfragen\/\" target=\"_blank\">Fraktion B\u00fcndnis 90\/Die Gr\u00fcnen<\/a><\/strong>, die ich als Einzelverordnete mitgezeichnet habe &#8211; ich beschr\u00e4nke mich bei Mitzeichnungen meistens auf Verkehrsthemen (mit Ausnahmen):<\/p>\n\n\n\n<ul class=\"wp-block-list\">\n<li>Reinickendorfer Bezirksamt als Fahrradfreundlicher Arbeitgeber (<strong><a href=\"https:\/\/www.berlin.de\/ba-reinickendorf\/politik-und-verwaltung\/bezirksverordnetenversammlung\/online\/vo020.asp?VOLFDNR=11507\" data-type=\"URL\" data-id=\"https:\/\/www.berlin.de\/ba-reinickendorf\/politik-und-verwaltung\/bezirksverordnetenversammlung\/online\/vo020.asp?VOLFDNR=11507\" target=\"_blank\" rel=\"noreferrer noopener\">Drs. 1297\/XXI<\/a><\/strong>)<\/li>\n\n\n\n<li>Bessere Erreichbarkeit des Tegeler Sees aus dem M\u00e4rkischen Viertel (<strong><a href=\"https:\/\/www.berlin.de\/ba-reinickendorf\/politik-und-verwaltung\/bezirksverordnetenversammlung\/online\/vo020.asp?VOLFDNR=11505\" data-type=\"URL\" data-id=\"https:\/\/www.berlin.de\/ba-reinickendorf\/politik-und-verwaltung\/bezirksverordnetenversammlung\/online\/vo020.asp?VOLFDNR=11505\" target=\"_blank\" rel=\"noreferrer noopener\">Drs. 1295\/XXI<\/a><\/strong>)<\/li>\n\n\n\n<li>Gr\u00fcnpfeil f\u00fcr Radfahrende auf der Kreuzung Karlolinenstra\u00dfe \/ Waidmannsluster Damm (<strong><a href=\"https:\/\/www.berlin.de\/ba-reinickendorf\/politik-und-verwaltung\/bezirksverordnetenversammlung\/online\/vo020.asp?VOLFDNR=11504\" data-type=\"URL\" data-id=\"https:\/\/www.berlin.de\/ba-reinickendorf\/politik-und-verwaltung\/bezirksverordnetenversammlung\/online\/vo020.asp?VOLFDNR=11504\" target=\"_blank\" rel=\"noreferrer noopener\">Drs. 1294\/XXI<\/a><\/strong>)<\/li>\n\n\n\n<li>Einbahnstra\u00dfe f\u00fcr erh\u00f6hte Verkehrssicherheit in der Illerzeile (<strong><a href=\"https:\/\/www.berlin.de\/ba-reinickendorf\/politik-und-verwaltung\/bezirksverordnetenversammlung\/online\/vo020.asp?VOLFDNR=11503\" data-type=\"URL\" data-id=\"https:\/\/www.berlin.de\/ba-reinickendorf\/politik-und-verwaltung\/bezirksverordnetenversammlung\/online\/vo020.asp?VOLFDNR=11503\" target=\"_blank\" rel=\"noreferrer noopener\">Drs. 1293\/XXI<\/a><\/strong>)<\/li>\n\n\n\n<li>Baumpflanzungen in der Gorkistra\u00dfe (<strong><a href=\"https:\/\/www.berlin.de\/ba-reinickendorf\/politik-und-verwaltung\/bezirksverordnetenversammlung\/online\/vo020.asp?VOLFDNR=11399\" data-type=\"URL\" data-id=\"https:\/\/www.berlin.de\/ba-reinickendorf\/politik-und-verwaltung\/bezirksverordnetenversammlung\/online\/vo020.asp?VOLFDNR=11399\" target=\"_blank\" rel=\"noreferrer noopener\">Drs. 1225\/XXI<\/a><\/strong>)<\/li>\n\n\n\n<li>Gemeinsam statt einsam: Einsame nicht allein lassen (<strong><a href=\"https:\/\/www.berlin.de\/ba-reinickendorf\/politik-und-verwaltung\/bezirksverordnetenversammlung\/online\/vo040.asp\" data-type=\"URL\" data-id=\"https:\/\/www.berlin.de\/ba-reinickendorf\/politik-und-verwaltung\/bezirksverordnetenversammlung\/online\/vo040.asp\" target=\"_blank\" rel=\"noreferrer noopener\">Drs. 1222\/XXI<\/a><\/strong>)<\/li>\n\n\n\n<li>Leitfaden zur Vorgartengestaltung (<strong><a rel=\"noreferrer noopener\" href=\"https:\/\/www.berlin.de\/ba-reinickendorf\/politik-und-verwaltung\/bezirksverordnetenversammlung\/online\/vo020.asp?VOLFDNR=11394\" data-type=\"URL\" data-id=\"https:\/\/www.berlin.de\/ba-reinickendorf\/politik-und-verwaltung\/bezirksverordnetenversammlung\/online\/vo020.asp?VOLFDNR=11394\" target=\"_blank\">Drs. 1220\/XXI<\/a><\/strong>)<\/li>\n<\/ul>\n","protected":false},"excerpt":{"rendered":"<p>Antr\u00e4ge fraktionslos &#8211; mit B\u00fcndnis 90\/Die Gr\u00fcnen Hier sind nur Drucksachen zu finden, die ich als Einzelverordnete nach meinem Austritt aus der LINKEN eingebracht habe &#8211; also nach dem 1. Mai 2023 Antr\u00e4ge &#8211; alt (Auswahl) M\u00fcndliche Anfragen Antr\u00e4ge B\u00fcndnis 90\/Die Gr\u00fcnen &#8211; Mitzeichnung Hier Antr\u00e4ge der Fraktion B\u00fcndnis 90\/Die Gr\u00fcnen, die ich als Einzelverordnete [&hellip;]<\/p>\n","protected":false},"author":1,"featured_media":622,"parent":388,"menu_order":0,"comment_status":"closed","ping_status":"closed","template":"","meta":{"_themeisle_gutenberg_block_has_review":false,"footnotes":""},"class_list":["post-59","page","type-page","status-publish","has-post-thumbnail","hentry"],"_links":{"self":[{"href":"https:\/\/www.keb-berlin.de\/index.php?rest_route=\/wp\/v2\/pages\/59","targetHints":{"allow":["GET"]}}],"collection":[{"href":"https:\/\/www.keb-berlin.de\/index.php?rest_route=\/wp\/v2\/pages"}],"about":[{"href":"https:\/\/www.keb-berlin.de\/index.php?rest_route=\/wp\/v2\/types\/page"}],"author":[{"embeddable":true,"href":"https:\/\/www.keb-berlin.de\/index.php?rest_route=\/wp\/v2\/users\/1"}],"replies":[{"embeddable":true,"href":"https:\/\/www.keb-berlin.de\/index.php?rest_route=%2Fwp%2Fv2%2Fcomments&post=59"}],"version-history":[{"count":25,"href":"https:\/\/www.keb-berlin.de\/index.php?rest_route=\/wp\/v2\/pages\/59\/revisions"}],"predecessor-version":[{"id":1940,"href":"https:\/\/www.keb-berlin.de\/index.php?rest_route=\/wp\/v2\/pages\/59\/revisions\/1940"}],"up":[{"embeddable":true,"href":"https:\/\/www.keb-berlin.de\/index.php?rest_route=\/wp\/v2\/pages\/388"}],"wp:featuredmedia":[{"embeddable":true,"href":"https:\/\/www.keb-berlin.de\/index.php?rest_route=\/wp\/v2\/media\/622"}],"wp:attachment":[{"href":"https:\/\/www.keb-berlin.de\/index.php?rest_route=%2Fwp%2Fv2%2Fmedia&parent=59"}],"curies":[{"name":"wp","href":"https:\/\/api.w.org\/{rel}","templated":true}]}}